{"id":464,"date":"2024-04-01T09:25:57","date_gmt":"2024-04-01T07:25:57","guid":{"rendered":"https:\/\/adamsolutions.de\/?page_id=464"},"modified":"2024-04-01T11:35:11","modified_gmt":"2024-04-01T09:35:11","slug":"inqa-coaching-anfragen","status":"publish","type":"page","link":"https:\/\/adamsolutions.de\/en\/inqa-coaching-anfragen\/","title":{"rendered":"INQA Coaching Enquiries"},"content":{"rendered":"<p>[et_pb_section fb_built=&#8220;1&#8243; _builder_version=&#8220;4.24.2&#8243; _module_preset=&#8220;default&#8220; background_color=&#8220;#000000&#8243; global_colors_info=&#8220;{}&#8220;][et_pb_row _builder_version=&#8220;4.21.0&#8243; _module_preset=&#8220;default&#8220; global_colors_info=&#8220;{}&#8220;][et_pb_column type=&#8220;4_4&#8243; _builder_version=&#8220;4.21.0&#8243; _module_preset=&#8220;default&#8220; global_colors_info=&#8220;{}&#8220;][et_pb_text _builder_version=&#8220;4.24.2&#8243; _module_preset=&#8220;default&#8220; text_text_color=&#8220;#FFFFFF&#8220; text_font_size=&#8220;18px&#8220; text_line_height=&#8220;1.9em&#8220; header_font=&#8220;|700|||||||&#8220; header_text_align=&#8220;center&#8220; header_text_color=&#8220;#FFFFFF&#8220; header_font_size=&#8220;28px&#8220; header_2_font=&#8220;|700|||||||&#8220; header_2_text_align=&#8220;center&#8220; header_2_text_color=&#8220;#FFFFFF&#8220; header_2_font_size=&#8220;32px&#8220; text_orientation=&#8220;center&#8220; text_font_size_tablet=&#8220;16px&#8220; text_font_size_phone=&#8220;14px&#8220; text_font_size_last_edited=&#8220;on|phone&#8220; header_font_size_tablet=&#8220;26px&#8220; header_font_size_phone=&#8220;26px&#8220; header_font_size_last_edited=&#8220;on|tablet&#8220; header_2_font_size_tablet=&#8220;28px&#8220; header_2_font_size_phone=&#8220;22px&#8220; header_2_font_size_last_edited=&#8220;on|phone&#8220; global_colors_info=&#8220;{}&#8220;]<\/p>\n<h2>INQA Coaching Enquiries<\/h2>\n<p>&nbsp;<\/p>\n<p>[\/et_pb_text][\/et_pb_column][\/et_pb_row][et_pb_row _builder_version=&#8220;4.24.2&#8243; _module_preset=&#8220;default&#8220; background_color=&#8220;#000000&#8243; global_colors_info=&#8220;{}&#8220;][et_pb_column type=&#8220;4_4&#8243; _builder_version=&#8220;4.21.0&#8243; _module_preset=&#8220;default&#8220; global_colors_info=&#8220;{}&#8220;][et_pb_contact_form email=&#8220;info@adamsolutions.de&#8220; _builder_version=&#8220;4.24.2&#8243; _module_preset=&#8220;default&#8220; _unique_id=&#8220;16030ca7-879c-4c29-a91b-55a4678fd2e6&#8243; custom_button=&#8220;on&#8220; button_text_color=&#8220;#FFFFFF&#8220; button_bg_color=&#8220;#E02B20&#8243; button_border_radius=&#8220;9px&#8220; button_icon_color=&#8220;#FFFFFF&#8220; hover_enabled=&#8220;0&#8243; global_colors_info=&#8220;{}&#8220; button_border_color=&#8220;RGBA(255,255,255,0)&#8220; sticky_enabled=&#8220;0&#8243;][et_pb_contact_field field_id=&#8220;IstSelbstaendig&#8220; field_title=&#8220;1. Das Unternehmen ist rechtlich selbst\u00e4ndig, geh\u00f6rt den freien Berufen an oder ist ein gemeinn\u00fctziges Unternehmen&#8220; field_type=&#8220;radio&#8220; radio_options=&#8220;%91{%22value%22:%22Ja%22,%22checked%22:0,%22dragID%22:-1},{%22value%22:%22Nein%22,%22checked%22:0,%22dragID%22:0}%93&#8243; fullwidth_field=&#8220;on&#8220; _builder_version=&#8220;4.24.2&#8243; global_colors_info=&#8220;{}&#8220; button_text_size__hover_enabled=&#8220;off&#8220; button_one_text_size__hover_enabled=&#8220;off&#8220; button_two_text_size__hover_enabled=&#8220;off&#8220; button_text_color__hover_enabled=&#8220;off&#8220; button_one_text_color__hover_enabled=&#8220;off&#8220; button_two_text_color__hover_enabled=&#8220;off&#8220; button_border_width__hover_enabled=&#8220;off&#8220; button_one_border_width__hover_enabled=&#8220;off&#8220; button_two_border_width__hover_enabled=&#8220;off&#8220; button_border_color__hover_enabled=&#8220;off&#8220; button_one_border_color__hover_enabled=&#8220;off&#8220; button_two_border_color__hover_enabled=&#8220;off&#8220; button_border_radius__hover_enabled=&#8220;off&#8220; button_one_border_radius__hover_enabled=&#8220;off&#8220; button_two_border_radius__hover_enabled=&#8220;off&#8220; button_letter_spacing__hover_enabled=&#8220;off&#8220; button_one_letter_spacing__hover_enabled=&#8220;off&#8220; button_two_letter_spacing__hover_enabled=&#8220;off&#8220; button_bg_color__hover_enabled=&#8220;off&#8220; button_one_bg_color__hover_enabled=&#8220;off&#8220; button_two_bg_color__hover_enabled=&#8220;off&#8220;][\/et_pb_contact_field][et_pb_contact_field field_id=&#8220;InBranchen&#8220; field_title=&#8220;2. Das Unternehmen ist in folgender Branche t\u00e4tig&#8220; fullwidth_field=&#8220;on&#8220; _builder_version=&#8220;4.24.2&#8243; _module_preset=&#8220;default&#8220; form_field_text_color=&#8220;#474747&#8243; global_colors_info=&#8220;{}&#8220;][\/et_pb_contact_field][et_pb_contact_field field_id=&#8220;IstLandwirt&#8220; field_title=&#8220;3. Der Unternehmenszweck dient nicht der landwirtschaftlichen Prim\u00e4rerzeugung, der Aquakultur oder der Fischerei&#8220; field_type=&#8220;radio&#8220; radio_options=&#8220;%91{%22value%22:%22Ja%22,%22checked%22:0,%22dragID%22:-1},{%22value%22:%22Nein%22,%22checked%22:0,%22dragID%22:0}%93&#8243; fullwidth_field=&#8220;on&#8220; _builder_version=&#8220;4.24.2&#8243; _module_preset=&#8220;default&#8220; global_colors_info=&#8220;{}&#8220;][\/et_pb_contact_field][et_pb_contact_field field_id=&#8220;SitzInDeutschland&#8220; field_title=&#8220;4. Das Unternehmen hat seinen Sitz und seine Arbeitsst\u00e4tte in Deutschland&#8220; field_type=&#8220;radio&#8220; radio_options=&#8220;%91{%22value%22:%22Ja%22,%22checked%22:0,%22dragID%22:-1},{%22value%22:%22Nein%22,%22checked%22:0,%22dragID%22:0}%93&#8243; fullwidth_field=&#8220;on&#8220; _builder_version=&#8220;4.24.2&#8243; _module_preset=&#8220;default&#8220; global_colors_info=&#8220;{}&#8220;][\/et_pb_contact_field][et_pb_contact_field field_id=&#8220;HatMindestalter&#8220; field_title=&#8220;5. Das Unternehmen besteht zum Stichtag der Ausstellung des INQA-Beratungsschecks mindestens 2 Jahre am Markt, oder bei \u00c4nderung der Rechtsform liegt die Gr\u00fcndung mehr als 5 Jahre zur\u00fcck (Nachweis: z. B. Handelsregisterauszug, Gewerbeanmeldung, Kammernachweis etc.)&#8220; field_type=&#8220;radio&#8220; radio_options=&#8220;%91{%22value%22:%22Ja%22,%22checked%22:0,%22dragID%22:-1},{%22value%22:%22Nein%22,%22checked%22:0,%22dragID%22:0}%93&#8243; fullwidth_field=&#8220;on&#8220; _builder_version=&#8220;4.24.2&#8243; _module_preset=&#8220;default&#8220; global_colors_info=&#8220;{}&#8220;][\/et_pb_contact_field][et_pb_contact_field field_id=&#8220;Name&#8220; field_title=&#8220;6. Name (wie im Handelsregister ausgewiesen), Adresse und Ansprechpartner des Unternehmens&#8220; fullwidth_field=&#8220;on&#8220; _builder_version=&#8220;4.24.2&#8243; _module_preset=&#8220;default&#8220; form_field_text_color=&#8220;#474747&#8243; global_colors_info=&#8220;{}&#8220;][\/et_pb_contact_field][et_pb_contact_field field_id=&#8220;HandelsregisterNummer&#8220; field_title=&#8220;7. (Optional) Handelsregister Nummer&#8220; required_mark=&#8220;off&#8220; fullwidth_field=&#8220;on&#8220; _builder_version=&#8220;4.24.2&#8243; _module_preset=&#8220;default&#8220; form_field_text_color=&#8220;#474747&#8243; global_colors_info=&#8220;{}&#8220;][\/et_pb_contact_field][et_pb_contact_field field_id=&#8220;HatBeschaeftigte&#8220; field_title=&#8220;8. Das Unternehmen hat im letzten Gesch\u00e4ftsjahr vor Beginn der Beratung mindestens einen sozialversicherungspflichtig Besch\u00e4ftigten in Vollzeit (Jahresarbeitseinheiten, JAE)&#8220; field_type=&#8220;radio&#8220; radio_options=&#8220;%91{%22value%22:%22Ja%22,%22checked%22:0,%22dragID%22:-1},{%22value%22:%22Nein%22,%22checked%22:0,%22dragID%22:0}%93&#8243; fullwidth_field=&#8220;on&#8220; _builder_version=&#8220;4.24.2&#8243; _module_preset=&#8220;default&#8220; global_colors_info=&#8220;{}&#8220;][\/et_pb_contact_field][et_pb_contact_field field_id=&#8220;AnzahlMitarbeiter&#8220; field_title=&#8220;9. Anzahl Mitarbeiter&#8220; field_type=&#8220;radio&#8220; radio_options=&#8220;%91{%22value%22:%221 bis 4%22,%22checked%22:0,%22dragID%22:-1},{%22value%22:%225 bis 249%22,%22checked%22:0,%22dragID%22:0},{%22value%22:%22mehr als 249%22,%22checked%22:0,%22dragID%22:1}%93&#8243; fullwidth_field=&#8220;on&#8220; _builder_version=&#8220;4.24.2&#8243; _module_preset=&#8220;default&#8220; global_colors_info=&#8220;{}&#8220;][\/et_pb_contact_field][et_pb_contact_field field_id=&#8220;MaxUmsatz&#8220; field_title=&#8220;10. Das Unternehmen hat entweder einen Vorjahresumsatz von h\u00f6chstens 50 Mio. \u20ac oder eine Vorjahresbilanzsumme von h\u00f6chstens 43 Mio. \u20ac&#8220; field_type=&#8220;radio&#8220; radio_options=&#8220;%91{%22value%22:%22Ja%22,%22checked%22:0,%22dragID%22:-1},{%22value%22:%22Nein%22,%22checked%22:0,%22dragID%22:0}%93&#8243; fullwidth_field=&#8220;on&#8220; _builder_version=&#8220;4.24.2&#8243; _module_preset=&#8220;default&#8220; global_colors_info=&#8220;{}&#8220;][\/et_pb_contact_field][et_pb_contact_field field_id=&#8220;DeminimisValid&#8220; field_title=&#8220;11. Das Unternehmen erf\u00fcllt die Kriterien der \u201eDe-minimis\u201c-Erkl\u00e4rung, d.h. es hat keine staatlichen Beihilfen in H\u00f6he von mehr als 200.000 \u20ac -inkl. des geplanten INQA-Coaching- in den vorangegangenen zwei Steuerjahren sowie im laufenden Steuerjahr erhalten&#8220; field_type=&#8220;radio&#8220; radio_options=&#8220;%91{%22value%22:%22Ja%22,%22checked%22:0,%22dragID%22:-1},{%22value%22:%22Nein%22,%22checked%22:0,%22dragID%22:0}%93&#8243; fullwidth_field=&#8220;on&#8220; _builder_version=&#8220;4.24.2&#8243; _module_preset=&#8220;default&#8220; global_colors_info=&#8220;{}&#8220;][\/et_pb_contact_field][et_pb_contact_field field_id=&#8220;NichtInsolvent&#8220; field_title=&#8220;12. \u00dcber das Verm\u00f6gen des Unternehmens wurde kein Insolvenzverfahren beantragt oder er\u00f6ffnet, es wurde keine Zwangsvollstreckung eingeleitet oder betrieben, das Unternehmen befindet sich auch nicht in der Phase der \u00dcberwachung eines Insolvenzplans&#8220; field_type=&#8220;radio&#8220; radio_options=&#8220;%91{%22value%22:%22Ja%22,%22checked%22:0,%22dragID%22:-1},{%22value%22:%22Nein%22,%22checked%22:0,%22dragID%22:0}%93&#8243; fullwidth_field=&#8220;on&#8220; _builder_version=&#8220;4.24.2&#8243; _module_preset=&#8220;default&#8220; global_colors_info=&#8220;{}&#8220;][\/et_pb_contact_field][et_pb_contact_field field_id=&#8220;KeineFreelanceBerater&#8220; field_title=&#8220;13. Das Unternehmen, sowie Angeh\u00f6rige der Freien Berufe sind nicht als Unternehmens- oder Wirtschaftsberater in den Themenfeldern Personalpolitik oder Arbeitsorganisation t\u00e4tig&#8220; field_type=&#8220;radio&#8220; radio_options=&#8220;%91{%22value%22:%22Ja%22,%22checked%22:0,%22dragID%22:-1},{%22value%22:%22Nein%22,%22checked%22:0,%22dragID%22:0}%93&#8243; fullwidth_field=&#8220;on&#8220; _builder_version=&#8220;4.24.2&#8243; _module_preset=&#8220;default&#8220; global_colors_info=&#8220;{}&#8220;][\/et_pb_contact_field][et_pb_contact_field field_id=&#8220;KeinINQACoaching&#8220; field_title=&#8220;14. Das Unternehmen hat noch nicht am Programm INQA-Coaching teilgenommen&#8220; field_type=&#8220;radio&#8220; radio_options=&#8220;%91{%22value%22:%22Ja%22,%22checked%22:0,%22dragID%22:-1},{%22value%22:%22Nein%22,%22checked%22:0,%22dragID%22:0}%93&#8243; fullwidth_field=&#8220;on&#8220; _builder_version=&#8220;4.24.2&#8243; _module_preset=&#8220;default&#8220; global_colors_info=&#8220;{}&#8220;][\/et_pb_contact_field][et_pb_contact_field field_id=&#8220;InteresseThemen&#8220; field_title=&#8220;15. INQA-Coaching wird f\u00fcr folgende Themen angeboten, bitte w\u00e4hlen Sie eines oder mehrere aus, die aus Ihrer aktuellen Sicht passend w\u00e4ren f\u00fcr ein Coaching: Hinweis: die Themen k\u00f6nnen sich \u00e4ndern, aufgrund neuer Erkenntnisse im Verlauf des Coachings&#8220; field_type=&#8220;checkbox&#8220; checkbox_options=&#8220;%91{%22value%22:%22Digitaler Wandel%22,%22checked%22:0,%22dragID%22:-1},{%22value%22:%22Personalentwicklung%22,%22checked%22:0,%22dragID%22:0},{%22value%22:%22Qualifizierung%22,%22checked%22:0,%22dragID%22:1},{%22value%22:%22lebenslanges Lernen%22,%22checked%22:0,%22dragID%22:2},{%22value%22:%22Wissenstransfer%22,%22checked%22:0,%22dragID%22:3},{%22value%22:%22F\u00fchrung und Kommunikation%22,%22checked%22:0,%22dragID%22:4},{%22value%22:%22Arbeitsorganisation und Arbeitszeit%22,%22checked%22:0,%22dragID%22:5},{%22value%22:%22Partizipation und Motivation%22,%22checked%22:0,%22dragID%22:6}%93&#8243; fullwidth_field=&#8220;on&#8220; _builder_version=&#8220;4.24.2&#8243; _module_preset=&#8220;default&#8220; global_colors_info=&#8220;{}&#8220;][\/et_pb_contact_field][\/et_pb_contact_form][\/et_pb_column][\/et_pb_row][\/et_pb_section]<\/p>","protected":false},"excerpt":{"rendered":"<p>INQA Coaching Enquiries &nbsp;<\/p>","protected":false},"author":2,"featured_media":0,"parent":0,"menu_order":0,"comment_status":"closed","ping_status":"closed","template":"","meta":{"_et_pb_use_builder":"on","_et_pb_old_content":"","_et_gb_content_width":"","footnotes":""},"class_list":["post-464","page","type-page","status-publish","hentry"],"_links":{"self":[{"href":"https:\/\/adamsolutions.de\/en\/wp-json\/wp\/v2\/pages\/464","targetHints":{"allow":["GET"]}}],"collection":[{"href":"https:\/\/adamsolutions.de\/en\/wp-json\/wp\/v2\/pages"}],"about":[{"href":"https:\/\/adamsolutions.de\/en\/wp-json\/wp\/v2\/types\/page"}],"author":[{"embeddable":true,"href":"https:\/\/adamsolutions.de\/en\/wp-json\/wp\/v2\/users\/2"}],"replies":[{"embeddable":true,"href":"https:\/\/adamsolutions.de\/en\/wp-json\/wp\/v2\/comments?post=464"}],"version-history":[{"count":32,"href":"https:\/\/adamsolutions.de\/en\/wp-json\/wp\/v2\/pages\/464\/revisions"}],"predecessor-version":[{"id":512,"href":"https:\/\/adamsolutions.de\/en\/wp-json\/wp\/v2\/pages\/464\/revisions\/512"}],"wp:attachment":[{"href":"https:\/\/adamsolutions.de\/en\/wp-json\/wp\/v2\/media?parent=464"}],"curies":[{"name":"wp","href":"https:\/\/api.w.org\/{rel}","templated":true}]}}