{"id":75,"date":"2023-07-25T23:41:54","date_gmt":"2023-07-25T21:41:54","guid":{"rendered":"http:\/\/adamsolutions.it-adomeit.de\/?page_id=75"},"modified":"2024-06-03T12:11:21","modified_gmt":"2024-06-03T10:11:21","slug":"impressum","status":"publish","type":"page","link":"https:\/\/adamsolutions.de\/en\/impressum\/","title":{"rendered":"Imprint"},"content":{"rendered":"<p>[et_pb_section fb_built=&#8220;1&#8243; _builder_version=&#8220;4.24.2&#8243; _module_preset=&#8220;default&#8220; background_color=&#8220;#000000&#8243; global_colors_info=&#8220;{}&#8220;][et_pb_row _builder_version=&#8220;4.21.0&#8243; _module_preset=&#8220;default&#8220; global_colors_info=&#8220;{}&#8220;][et_pb_column type=&#8220;4_4&#8243; _builder_version=&#8220;4.21.0&#8243; _module_preset=&#8220;default&#8220; global_colors_info=&#8220;{}&#8220;][et_pb_blurb title=&#8220;Impressum&#8220; use_icon=&#8220;on&#8220; font_icon=&#8220;&#xf2bb;||fa||400&#8243; icon_color=&#8220;#E02B20&#8243; image_icon_background_color=&#8220;#000000&#8243; image_icon_width=&#8220;100px&#8220; image_icon_width_tablet=&#8220;80px&#8220; image_icon_width_phone=&#8220;60px&#8220; image_icon_width_last_edited=&#8220;on|phone&#8220; _builder_version=&#8220;4.24.2&#8243; _module_preset=&#8220;default&#8220; header_level=&#8220;h2&#8243; header_font=&#8220;||||||||&#8220; header_text_color=&#8220;#FFFFFF&#8220; header_font_size=&#8220;30px&#8220; text_orientation=&#8220;center&#8220; header_font_size_tablet=&#8220;30px&#8220; header_font_size_phone=&#8220;30px&#8220; header_font_size_last_edited=&#8220;on|phone&#8220; border_color_all_image=&#8220;#FFFFFF&#8220; global_colors_info=&#8220;{}&#8220;][\/et_pb_blurb][\/et_pb_column][\/et_pb_row][et_pb_row _builder_version=&#8220;4.21.0&#8243; _module_preset=&#8220;default&#8220; width=&#8220;100%&#8220; max_width=&#8220;2560px&#8220; custom_padding=&#8220;56px||99px|||&#8220; global_colors_info=&#8220;{}&#8220;][et_pb_column type=&#8220;4_4&#8243; _builder_version=&#8220;4.21.0&#8243; _module_preset=&#8220;default&#8220; background_color=&#8220;rgba(0,0,0,0.02)&#8220; global_colors_info=&#8220;{}&#8220;][et_pb_text _builder_version=&#8220;4.24.2&#8243; _module_preset=&#8220;default&#8220; text_text_color=&#8220;#FFFFFF&#8220; text_font_size=&#8220;18px&#8220; text_line_height=&#8220;1.9em&#8220; header_text_align=&#8220;left&#8220; header_text_color=&#8220;#FFFFFF&#8220; header_font_size=&#8220;28px&#8220; width=&#8220;70.6%&#8220; custom_margin=&#8220;10px|10px|10px|20%|false|false&#8220; custom_padding=&#8220;10px||||false|false&#8220; text_font_size_tablet=&#8220;16px&#8220; text_font_size_phone=&#8220;12px&#8220; text_font_size_last_edited=&#8220;on|desktop&#8220; header_font_size_tablet=&#8220;20px&#8220; header_font_size_phone=&#8220;16px&#8220; header_font_size_last_edited=&#8220;on|phone&#8220; global_colors_info=&#8220;{}&#8220;]<\/p>\n<h3><span style=\"color: #ffffff;\">ADAM Solutions GmbH<\/span><\/h3>\n<p><span style=\"color: #ffffff;\">ADMINISTRATION \u2013 DIGITALISATION \u2013 AND \u2013 MORE<\/span><\/p>\n<p><span style=\"color: #ffffff;\">Thomastra\u00dfe 17a<\/span><br \/><span style=\"color: #ffffff;\">63322 R\u00f6dermark<\/span><br \/><span style=\"color: #ffffff;\">Tel. +49 (06074) 320 7116<\/span><br \/><span style=\"color: #ffffff;\">info@adamsolutions.de<\/span><\/p>\n<p><span style=\"color: #ffffff;\">Managing Director: Stefanie Fronius<\/span><br \/><span style=\"color: #ffffff;\">Local Court Offenbach HRB 53210<\/span><br \/><span style=\"color: #ffffff;\">VAT number: DE338601285<\/span><br \/><span style=\"color: #ffffff;\">St.-No.: 035\/228\/06730<\/span><\/p>\n<p>[\/et_pb_text][\/et_pb_column][\/et_pb_row][et_pb_row _builder_version=&#8220;4.21.0&#8243; _module_preset=&#8220;default&#8220; custom_padding=&#8220;0px|||||&#8220; global_colors_info=&#8220;{}&#8220;][et_pb_column type=&#8220;4_4&#8243; _builder_version=&#8220;4.21.0&#8243; _module_preset=&#8220;default&#8220; global_colors_info=&#8220;{}&#8220;][et_pb_text _builder_version=&#8220;4.24.2&#8243; _module_preset=&#8220;default&#8220; text_font_size=&#8220;18px&#8220; text_line_height=&#8220;1.9em&#8220; text_font_size_tablet=&#8220;16px&#8220; text_font_size_phone=&#8220;14px&#8220; text_font_size_last_edited=&#8220;on|phone&#8220; text_text_shadow_style=&#8220;preset1&#8243; global_colors_info=&#8220;{}&#8220;]<\/p>\n<p><span style=\"color: #ffffff;\"><strong>Notice \u2013 Objection to Commercial \/ Advertising Use<\/strong><\/span><\/p>\n<p><span style=\"color: #aaaaaa; font-size: 20px;\">The above-mentioned imprint details may not be used for advertising, marketing or any other commercial purposes.<\/span><\/p>\n<p><span style=\"color: #ffffff;\"><\/span><\/p>\n<p><span style=\"color: #ffffff;\"><\/span><\/p>\n<p><span style=\"color: #ffffff;\"><\/span><\/p>\n<p><span style=\"color: #ffffff;\"><\/span><\/p>\n<p>[\/et_pb_text][\/et_pb_column][\/et_pb_row][\/et_pb_section]<\/p>","protected":false},"excerpt":{"rendered":"<p>ADAM Solutions GmbH ADMINISTRATION \u2013 DIGITALISATION \u2013 AND \u2013 MORE Thomastra\u00dfe 17a63322 R\u00f6dermarkTel. +49 (06074) 320 7116info@adamsolutions.de Gesch\u00e4ftsf\u00fchrerin: Stefanie FroniusAmtsgericht Offenbach HRB 53210USt-IdNr.: DE338601285St.-Nr.: 035\/228\/06730Hinweis \u2013 Widerspruch gegen kommerzielle \/ werbliche Nutzung Die oben genannten Impressumsdaten d\u00fcrfen nicht f\u00fcr Werbung, Marketing oder sonstige kommerzielle Zwecke verwendet werden.<\/p>","protected":false},"author":1,"featured_media":0,"parent":0,"menu_order":0,"comment_status":"closed","ping_status":"closed","template":"","meta":{"_et_pb_use_builder":"on","_et_pb_old_content":"","_et_gb_content_width":"","footnotes":""},"class_list":["post-75","page","type-page","status-publish","hentry"],"_links":{"self":[{"href":"https:\/\/adamsolutions.de\/en\/wp-json\/wp\/v2\/pages\/75","targetHints":{"allow":["GET"]}}],"collection":[{"href":"https:\/\/adamsolutions.de\/en\/wp-json\/wp\/v2\/pages"}],"about":[{"href":"https:\/\/adamsolutions.de\/en\/wp-json\/wp\/v2\/types\/page"}],"author":[{"embeddable":true,"href":"https:\/\/adamsolutions.de\/en\/wp-json\/wp\/v2\/users\/1"}],"replies":[{"embeddable":true,"href":"https:\/\/adamsolutions.de\/en\/wp-json\/wp\/v2\/comments?post=75"}],"version-history":[{"count":11,"href":"https:\/\/adamsolutions.de\/en\/wp-json\/wp\/v2\/pages\/75\/revisions"}],"predecessor-version":[{"id":713,"href":"https:\/\/adamsolutions.de\/en\/wp-json\/wp\/v2\/pages\/75\/revisions\/713"}],"wp:attachment":[{"href":"https:\/\/adamsolutions.de\/en\/wp-json\/wp\/v2\/media?parent=75"}],"curies":[{"name":"wp","href":"https:\/\/api.w.org\/{rel}","templated":true}]}}